{"id":9,"date":"2018-03-23T20:29:46","date_gmt":"2018-03-23T19:29:46","guid":{"rendered":"http:\/\/coco.toulouseultimate.org\/?page_id=9"},"modified":"2024-09-26T22:12:49","modified_gmt":"2024-09-26T20:12:49","slug":"contact","status":"publish","type":"page","link":"http:\/\/www.toulouseultimate.org\/index.php\/contact\/","title":{"rendered":"Contact"},"content":{"rendered":"<p>Pour contacter le club, vous avez \u00e0 disposition plusieurs adresses.<\/p>\n<p>L&rsquo;adresse principale :<\/p>\n<ul>\n<li>envoyer un mail \u00e0 notre adresse de contact : <strong>contact AT toulouseultimate DOT org*<\/strong><\/li>\n<\/ul>\n<p>Les adresses sp\u00e9cialis\u00e9es selon l&rsquo;objet de votre contact :<\/p>\n<ul>\n<li>envoyer un mail au pr\u00e9sident : <strong>president AT toulouseultimate DOT org*<\/strong><\/li>\n<li>envoyer un mail au tr\u00e9sorier : <strong>tresorier AT toulouseultimate DOT org*<\/strong><\/li>\n<li>envoyer un mail au secr\u00e9taire : <strong>secretaire AT toulouseultimate DOT org*<\/strong><\/li>\n<\/ul>\n<p><em>*Remplacez DOT par \u00ab\u00a0.\u00a0\u00bb et AT par \u00ab\u00a0@\u00a0\u00bb et supprimez les espaces (pr\u00e9cautions pour limiter les spams et conserver ces adresses&#8230;)<\/em><\/p>\n","protected":false},"excerpt":{"rendered":"<p>Pour contacter le club, vous avez \u00e0 disposition plusieurs adresses. L&rsquo;adresse principale : envoyer un mail \u00e0 notre adresse de contact : contact AT toulouseultimate DOT org* Les adresses sp\u00e9cialis\u00e9es selon l&rsquo;objet de votre contact : envoyer un mail au<\/p>\n","protected":false},"author":1,"featured_media":0,"parent":0,"menu_order":5,"comment_status":"closed","ping_status":"closed","template":"","meta":{"_mi_skip_tracking":false},"_links":{"self":[{"href":"http:\/\/www.toulouseultimate.org\/index.php\/wp-json\/wp\/v2\/pages\/9"}],"collection":[{"href":"http:\/\/www.toulouseultimate.org\/index.php\/wp-json\/wp\/v2\/pages"}],"about":[{"href":"http:\/\/www.toulouseultimate.org\/index.php\/wp-json\/wp\/v2\/types\/page"}],"author":[{"embeddable":true,"href":"http:\/\/www.toulouseultimate.org\/index.php\/wp-json\/wp\/v2\/users\/1"}],"replies":[{"embeddable":true,"href":"http:\/\/www.toulouseultimate.org\/index.php\/wp-json\/wp\/v2\/comments?post=9"}],"version-history":[{"count":7,"href":"http:\/\/www.toulouseultimate.org\/index.php\/wp-json\/wp\/v2\/pages\/9\/revisions"}],"predecessor-version":[{"id":915,"href":"http:\/\/www.toulouseultimate.org\/index.php\/wp-json\/wp\/v2\/pages\/9\/revisions\/915"}],"wp:attachment":[{"href":"http:\/\/www.toulouseultimate.org\/index.php\/wp-json\/wp\/v2\/media?parent=9"}],"curies":[{"name":"wp","href":"https:\/\/api.w.org\/{rel}","templated":true}]}}