{"id":838,"date":"2024-08-13T00:54:17","date_gmt":"2024-08-12T22:54:17","guid":{"rendered":"https:\/\/www.toulouseultimate.org\/?page_id=838"},"modified":"2025-09-23T23:18:54","modified_gmt":"2025-09-23T21:18:54","slug":"inscription-2024-25","status":"publish","type":"page","link":"http:\/\/www.toulouseultimate.org\/index.php\/le-club\/inscription-2024-25\/","title":{"rendered":"Inscription 2025-26"},"content":{"rendered":"\n\n\n<h1>Tarifs<\/h1>\n\n\n\n<p>Les tarifs 2025-26 sont disponibles ici : <a href=\"https:\/\/drive.google.com\/file\/d\/1ooe4LK3JZWllHiS2ZIfdmJEwotzssxQU\/view?usp=drive_link\">tarifs 2025-26<\/a>.<\/p>\n\n\n\n<h1>Prise de la licence<\/h1>\n\n\n\n<p>La licence se prend sur le site<a href=\"https:\/\/monespace.ff-flyingdisc.fr\/auth\/login\" data-type=\"URL\" data-id=\"https:\/\/monespace.ff-flyingdisc.fr\/auth\/login\"> e-licence<\/a> de la f\u00e9d\u00e9. <\/p>\n\n\n\n<h2><strong><strong>\u00c9<\/strong>tape 1<\/strong> : Connection au site<a href=\"https:\/\/monespace.ff-flyingdisc.fr\/auth\/login\"> e-licence<\/a><\/h2>\n\n\n\n<h3>Pour les nouveaux licenci\u00e9s<\/h3>\n\n\n\n<p>Pour <strong>les nouveaux licenci\u00e9s<\/strong> : cliquez sur l\u2019onglet \u00ab <em>premi\u00e8re visite sur la FFFD ou cr\u00e9ation de compte \u00bb<\/em> puis <em>\u00ab cr\u00e9ation de compte \u00bb<\/em>. Ensuite, vous pourrez passer \u00e0 l\u2019\u00e9tape de l\u2019identification et suivre <a rel=\"noreferrer noopener\" href=\"https:\/\/drive.google.com\/file\/d\/1xj8o_7s2oAjLZsJ_Oy21XUTZsfvDt-J4\/view\" target=\"_blank\">le tutoriel<\/a>.<\/p>\n\n\n\n<p>Si c\u2019est <strong>votre premi\u00e8re visite sur ce site<\/strong> &#8211; vous avez une licence mais vous n\u2019avez pas encore activ\u00e9 votre compt\u00e9 FFFD \u2013 cliquez sur l\u2019onglet \u00ab <em>premi\u00e8re visite sur la FFFD ou cr\u00e9ation de compte \u00bb<\/em> puis <em>\u00ab compte existant \u00bb. <\/em>Le code adh\u00e9rent est votre num\u00e9ro de licence (il faudra entrer 6 chiffres, si votre num\u00e9ro de licence en comporte moins, ajouter autant de 0 que n\u00e9cessaire devant). Ensuite, vous pourrez passer \u00e0 l\u2019\u00e9tape de l\u2019identification et suivre <a href=\"https:\/\/drive.google.com\/file\/d\/1xj8o_7s2oAjLZsJ_Oy21XUTZsfvDt-J4\/view\" target=\"_blank\" rel=\"noreferrer noopener\">le tutoriel<\/a>.<\/p>\n\n\n\n<h3>Pour les personnes poss\u00e9dant d\u00e9j\u00e0 un compte<a href=\"https:\/\/monespace.ff-flyingdisc.fr\/auth\/login\"> e-licence<\/a><\/h3>\n\n\n\n<p>Pour tous ceux qui ont <strong>d\u00e9j\u00e0 un compte<\/strong>, vous pouvez passer directement \u00e0<strong> l\u2019\u00e9tape d\u2019identification<\/strong>, votre nom d\u2019utilisateur est votre num\u00e9ro de licence (il faudra entrer 6 chiffres, si votre num\u00e9ro de licence en comporte moins, ajouter autant de 0 que n\u00e9cessaire devant).<\/p>\n\n\n\n<h2><strong>\u00c9tape 2<\/strong> : Prise de la licence<\/h2>\n\n\n\n<p>Cette \u00e9tape est d\u00e9taill\u00e9e dans le tutoriel <a href=\"https:\/\/drive.google.com\/file\/d\/1xj8o_7s2oAjLZsJ_Oy21XUTZsfvDt-J4\/view\">Demande de licence \u2013 Mon espace licenci\u00e9<\/a>.<\/p>\n\n\n\n<p>L\u2019assurance IA est obligatoire, et peut \u00eatre compl\u00e9t\u00e9e par l\u2019assurance facultative IA sport+ pour 18,24\u20ac suppl\u00e9mentaires (voir la <a href=\"https:\/\/drive.google.com\/file\/d\/1qYB-t0A43dw9f1Bi-p5s1j3SA9QhM0LN\/view?usp=drive_link\">notice FFFD \/ MAIF<\/a> pour plus d\u2019informations).<\/p>\n\n\n\n<p>Les pi\u00e8ces n\u00e9cessaires pour cette \u00e9tape sont : une photo et un <a href=\"https:\/\/drive.google.com\/file\/d\/1gvWnTC5mRV-z8YcYuFbJJcBlTwPkQYb2\/view?usp=drive_link\">certificat m\u00e9dical<\/a>. Pour savoir si vous avez besoin de faire un nouveau certificat m\u00e9dical, n&rsquo;h\u00e9sitez pas \u00e0 suivre l&rsquo;<a href=\"https:\/\/drive.google.com\/file\/d\/13kgImHWCOxoXc6jResG6Q0m_kBNlpwoH\/view?usp=sharing\">image<\/a> ou lire le texte ci-dessous.<\/p>\n\n\n\n<figure class=\"wp-block-image size-large\"><img loading=\"lazy\" width=\"1024\" height=\"529\" src=\"https:\/\/www.toulouseultimate.org\/wp-content\/uploads\/2024\/08\/Capture-decran-2024-08-12-225012-1024x529.png\" alt=\"\" class=\"wp-image-845\" srcset=\"http:\/\/www.toulouseultimate.org\/wp-content\/uploads\/2024\/08\/Capture-decran-2024-08-12-225012-1024x529.png 1024w, http:\/\/www.toulouseultimate.org\/wp-content\/uploads\/2024\/08\/Capture-decran-2024-08-12-225012-300x155.png 300w, http:\/\/www.toulouseultimate.org\/wp-content\/uploads\/2024\/08\/Capture-decran-2024-08-12-225012-768x397.png 768w, http:\/\/www.toulouseultimate.org\/wp-content\/uploads\/2024\/08\/Capture-decran-2024-08-12-225012-1536x794.png 1536w, http:\/\/www.toulouseultimate.org\/wp-content\/uploads\/2024\/08\/Capture-decran-2024-08-12-225012.png 1594w\" sizes=\"(max-width: 1024px) 100vw, 1024px\" \/><\/figure>\n\n\n\n<h3>Pr\u00e9cautions \u00e0 prendre pour le certificat m\u00e9dical<\/h3>\n\n\n\n<p>Avant d&rsquo;aller chez le m\u00e9decin, imprimez le <a href=\"https:\/\/drive.google.com\/file\/d\/1gvWnTC5mRV-z8YcYuFbJJcBlTwPkQYb2\/view?usp=drive_link\">mod\u00e8le de la FFFD<\/a>.<\/p>\n\n\n\n<p>Le m\u00e9decin doit remplir la partie qui vous concerne (ou votre enfant) sur les activit\u00e9s sportives de mani\u00e8re g\u00e9n\u00e9rale (dans le cas des mineurs, veillez \u00e0 ce que le m\u00e9decin remplisse aussi la seconde page). <\/p>\n\n\n\n<p>Veillez bien \u00e0 ce que le num\u00e9ro RPPS de votre m\u00e9decin soit <strong>pr\u00e9sent et lisible<\/strong> sur le cachet. Dans le cas contraire, demandez \u00e0 votre m\u00e9decin de le noter au stylo sur le certificat.<\/p>\n\n\n\n<p><strong>Attention<\/strong> : m\u00eame si vous prenez une licence loisir, <em>demandez \u00e0 votre m\u00e9decin de cocher la case \u00ab\u00a0en comp\u00e9tition\u00a0\u00bb<\/em> sur le certificat m\u00e9dical. Cela  facilitera grandement un \u00e9ventuel changement vers une licence comp\u00e9tition en cours de saison.<\/p>\n\n\n\n<h4 id=\"surclass\">Surclassement<\/h4>\n\n\n\n<p>Si tu es n\u00e9(e) en 2004 ou apr\u00e8s, il faut pr\u00e9voir un (potentiellement double) surclassement. Dans ce cas, tu dois fournir un certificat m\u00e9dical suivant le <a rel=\"noreferrer noopener\" href=\"https:\/\/drive.google.com\/file\/d\/1z1DDCT0lzTgQuLLDGNBGhkUosWNdsxRl\/view\" target=\"_blank\">mod\u00e8le FFFD<\/a> (datant de moins d&rsquo;un an). Le m\u00e9decin <strong>doit remplir les deux rubriques<\/strong> (moiti\u00e9s sup\u00e9rieure et inf\u00e9rieure).<\/p>\n\n\n\n<p>Si tu es n\u00e9(e) en 2004 ou apr\u00e8s, demande \u00e0 ton m\u00e9decin de cocher la case \u00ab\u00a0surclass\u00e9(e)\u00a0\u00bb<br>Si tu es n\u00e9(e) en 2007 ou en 2008, demande \u00e0 ton m\u00e9decin de cocher les cases \u00ab\u00a0surclass\u00e9(e)\u00a0\u00bb et \u00ab\u00a0doublement surclass\u00e9(e)\u00a0\u00bb<\/p>\n\n\n\n<p>Si tu te trouves dans l&rsquo;un de ces deux cas (surclassement ou double surclassement), tu dois faire remplir la moiti\u00e9 basse du certificat <strong>en plus<\/strong> de la moiti\u00e9 haute.<\/p>\n\n\n\n<h3 id=\"infos-assu\">Informations importantes concernant les assurances<\/h3>\n\n\n\n<h4>Responsabilit\u00e9 civile (RC)<\/h4>\n\n\n\n<p>Le contrat d\u2019assurance responsabilit\u00e9 civile (RC) de la FFFD est obligatoire et compris dans le prix de l&rsquo;inscription (4.50\u20ac). Il est syst\u00e9matique avec la prise de licence.<\/p>\n\n\n\n<h4>Indemnisation des dommages corporels (IDC)<\/h4>\n\n\n\n<p>De plus, la souscription d&rsquo;une assurance indemnisation des dommages corporels (IDC) est obligatoire pour participer aux activit\u00e9s du club. Une assurance indemnisation des dommages corporels FFFD\/Maif est comprise dans le prix de l&rsquo;inscription.<\/p>\n\n\n\n<h4>Option compl\u00e9mentaire I. A. Sport +<\/h4>\n\n\n\n<p>Par ailleurs, dans le cadre du contrat FFFD\/Maif, il vous est possible de souscrire une option compl\u00e9mentaire, I. A. Sport+, qui se substituera \u00e0 la garantie de base de la licence et vous permettra de b\u00e9n\u00e9ficier de capitaux plus \u00e9lev\u00e9s et de prestations suppl\u00e9mentaires.<\/p>\n\n\n\n<h4>Informations FFFD\/Maif<\/h4>\n\n\n\n<p>Plus d&rsquo;infos dans les documents suivants :<\/p>\n\n\n\n<ul><li><a href=\"https:\/\/drive.google.com\/file\/d\/1qYB-t0A43dw9f1Bi-p5s1j3SA9QhM0LN\/view?usp=drive_link\">Notice individuelle FFFD\/Maif<\/a><\/li><li><a href=\"https:\/\/drive.google.com\/file\/d\/1Q77Wb_6P68dhNOXKeaK-e4m3Qs_airPr\/view?usp=drive_link\">Garanties FFFD\/Maif<\/a><\/li><\/ul>\n\n\n\n<h3>Pour les mineur\u2022e\u2022s<\/h3>\n\n\n\n<p>Il faut \u00e9galement fournir les documents suivants :<\/p>\n\n\n\n<ul><li><a href=\"https:\/\/drive.google.com\/file\/d\/1gHCDG0q4c5tdVIDeOjRiv3FtiRzwtnzb\/view?usp=sharing\">Autorisation parentale de prise de vue<\/a><\/li><li><a href=\"https:\/\/drive.google.com\/file\/d\/1OCD7LxVBM0NxP1TQRAsznVbNpCcYD0E5\/view?usp=sharing\">D\u00e9charge de responsabilit\u00e9 pour le transport et autorisation de soins<\/a><\/li><\/ul>\n\n\n\n<h2><a href=\"http:\/\/www.toulouseultimate.org\/wp-content\/uploads\/2024\/08\/Gestion-certificat-medical-2024-2025-2.pdf\"><img class=\"wp-image-840\" style=\"width: NaNpx;\" src=\"http:\/\/www.toulouseultimate.org\/wp-content\/uploads\/2024\/08\/Gestion-certificat-medical-2024-2025.pdf\" alt=\"\"><img class=\"wp-image-842\" style=\"width: NaNpx;\" src=\"http:\/\/www.toulouseultimate.org\/wp-content\/uploads\/2024\/08\/Gestion-certificat-medical-2024-2025-2.pdf\" alt=\"\"><\/a><strong>\u00c9tape 3<\/strong> : Paiement sur le site de la f\u00e9d\u00e9ration<\/h2>\n\n\n\n<p>Une fois la demande de licence transmise, nous \u2013 le club \u2013 devons la valider afin que vous puissiez effectuer le paiement de la cotisation.<\/p>\n\n\n\n<p>Vous recevrez un mail de confirmation apr\u00e8s validation de la licence qui vous permettra de passer au paiement.<\/p>\n\n\n\n<h2><strong>\u00c9tape 4 <\/strong>: Validation de la licence<\/h2>\n\n\n\n<p>S\u2019armer de patience et attendre la validation de la f\u00e9d\u00e9ration afin de recevoir sa licence en format d\u00e9mat\u00e9rialis\u00e9 dans sa boite mail.<\/p>\n\n\n\n<hr class=\"wp-block-separator has-text-color has-vivid-purple-color has-css-opacity has-vivid-purple-background-color has-background is-style-dots\"\/>\n","protected":false},"excerpt":{"rendered":"<p>Tarifs Les tarifs 2025-26 sont disponibles ici : tarifs 2025-26. Prise de la licence La licence se prend sur le site e-licence de la f\u00e9d\u00e9. \u00c9tape 1 : Connection au site e-licence Pour les nouveaux licenci\u00e9s Pour les nouveaux licenci\u00e9s<\/p>\n","protected":false},"author":1,"featured_media":0,"parent":30,"menu_order":0,"comment_status":"closed","ping_status":"closed","template":"","meta":{"_mi_skip_tracking":false},"_links":{"self":[{"href":"http:\/\/www.toulouseultimate.org\/index.php\/wp-json\/wp\/v2\/pages\/838"}],"collection":[{"href":"http:\/\/www.toulouseultimate.org\/index.php\/wp-json\/wp\/v2\/pages"}],"about":[{"href":"http:\/\/www.toulouseultimate.org\/index.php\/wp-json\/wp\/v2\/types\/page"}],"author":[{"embeddable":true,"href":"http:\/\/www.toulouseultimate.org\/index.php\/wp-json\/wp\/v2\/users\/1"}],"replies":[{"embeddable":true,"href":"http:\/\/www.toulouseultimate.org\/index.php\/wp-json\/wp\/v2\/comments?post=838"}],"version-history":[{"count":21,"href":"http:\/\/www.toulouseultimate.org\/index.php\/wp-json\/wp\/v2\/pages\/838\/revisions"}],"predecessor-version":[{"id":948,"href":"http:\/\/www.toulouseultimate.org\/index.php\/wp-json\/wp\/v2\/pages\/838\/revisions\/948"}],"up":[{"embeddable":true,"href":"http:\/\/www.toulouseultimate.org\/index.php\/wp-json\/wp\/v2\/pages\/30"}],"wp:attachment":[{"href":"http:\/\/www.toulouseultimate.org\/index.php\/wp-json\/wp\/v2\/media?parent=838"}],"curies":[{"name":"wp","href":"https:\/\/api.w.org\/{rel}","templated":true}]}}