{"id":51,"date":"2018-03-23T21:38:10","date_gmt":"2018-03-23T20:38:10","guid":{"rendered":"http:\/\/coco.toulouseultimate.org\/?page_id=51"},"modified":"2024-09-26T22:13:51","modified_gmt":"2024-09-26T20:13:51","slug":"liens","status":"publish","type":"page","link":"http:\/\/www.toulouseultimate.org\/index.php\/liens\/","title":{"rendered":"Liens"},"content":{"rendered":"<h1>Des liens essentiels<\/h1>\n<p>Que tu veuilles jouer en mode loisir ou comp\u00e9tition, il te faudra conna\u00eetre\u00a0<a href=\"http:\/\/www.ffdf.fr\/les-regles-du-jeu\/\">les r\u00e8gles<\/a>\u00a0! Bien s\u00fbr, les autres joueurs du club pourront t\u2019aider \u00e0 conna\u00eetre certaines subtilit\u00e9s !<\/p>\n<p>Et comme l\u2019ultimate est un sport auto-arbitr\u00e9, il faudra que tu puisses prendre des d\u00e9cisions tout seul, \u00a0avec tes adversaires ou avec tes co\u00e9quipiers. Pour t\u2019aider, Nicoko des Euskadisk a partag\u00e9 un\u00a0<a href=\"https:\/\/www.facebook.com\/nicoko.dupond\/posts\/418838201835213\">arbre d\u00e9cisionnel<\/a>. On dit merci et on s\u2019instruit !<\/p>\n<p>Des fois, tu auras peut-\u00eatre l\u2019impression qu\u2019on parle chinois\u2026 En cas de doute de vocabulaire, va voir notre\u00a0<a href=\"https:\/\/docs.google.com\/spreadsheets\/d\/1UwDB0el7VXHh2HcBlw-DM4alZ7bDvLow2aeHQ4PIgBk\/edit#gid=0\">lexique<\/a>\u00a0! Et si tu penses qu\u2019il manque quelque chose, ajoute-le !<\/p>\n<p>Enfin, si tu veux suivre le club sur tous les r\u00e9seaux sociaux, c\u2019est par l\u00e0 :\u00a0<a href=\"https:\/\/www.facebook.com\/BTRToulouseUltimate\/\">Facebook<\/a>,\u00a0<a href=\"https:\/\/www.twitter.com\/BTRultimate\">Twitter<\/a><\/p>\n<h1>Ultimate Frisbee en France et dans le monde&#8230;<\/h1>\n<ul>\n<li><a href=\"http:\/\/www.ffdf.fr\/\">La f\u00e9d\u00e9 fran\u00e7aise<\/a>\u00a0FFFD (F\u00e9d\u00e9ration Fran\u00e7aise de Flying Disc)<\/li>\n<li><a href=\"http:\/\/www.wfdf.org\/\">La f\u00e9d\u00e9 mondiale<\/a> WFDF (World Flying Disc Federation<\/li>\n<\/ul>\n","protected":false},"excerpt":{"rendered":"<p>Des liens essentiels Que tu veuilles jouer en mode loisir ou comp\u00e9tition, il te faudra conna\u00eetre\u00a0les r\u00e8gles\u00a0! Bien s\u00fbr, les autres joueurs du club pourront t\u2019aider \u00e0 conna\u00eetre certaines subtilit\u00e9s ! Et comme l\u2019ultimate est un sport auto-arbitr\u00e9, il faudra<\/p>\n","protected":false},"author":1,"featured_media":0,"parent":0,"menu_order":4,"comment_status":"closed","ping_status":"closed","template":"","meta":{"_mi_skip_tracking":false},"_links":{"self":[{"href":"http:\/\/www.toulouseultimate.org\/index.php\/wp-json\/wp\/v2\/pages\/51"}],"collection":[{"href":"http:\/\/www.toulouseultimate.org\/index.php\/wp-json\/wp\/v2\/pages"}],"about":[{"href":"http:\/\/www.toulouseultimate.org\/index.php\/wp-json\/wp\/v2\/types\/page"}],"author":[{"embeddable":true,"href":"http:\/\/www.toulouseultimate.org\/index.php\/wp-json\/wp\/v2\/users\/1"}],"replies":[{"embeddable":true,"href":"http:\/\/www.toulouseultimate.org\/index.php\/wp-json\/wp\/v2\/comments?post=51"}],"version-history":[{"count":13,"href":"http:\/\/www.toulouseultimate.org\/index.php\/wp-json\/wp\/v2\/pages\/51\/revisions"}],"predecessor-version":[{"id":916,"href":"http:\/\/www.toulouseultimate.org\/index.php\/wp-json\/wp\/v2\/pages\/51\/revisions\/916"}],"wp:attachment":[{"href":"http:\/\/www.toulouseultimate.org\/index.php\/wp-json\/wp\/v2\/media?parent=51"}],"curies":[{"name":"wp","href":"https:\/\/api.w.org\/{rel}","templated":true}]}}