{"id":38,"date":"2018-03-23T21:18:56","date_gmt":"2018-03-23T20:18:56","guid":{"rendered":"http:\/\/coco.toulouseultimate.org\/?page_id=38"},"modified":"2025-10-23T20:59:09","modified_gmt":"2025-10-23T18:59:09","slug":"les-entrainements","status":"publish","type":"page","link":"http:\/\/www.toulouseultimate.org\/index.php\/le-club\/les-entrainements\/","title":{"rendered":"Les entrainements"},"content":{"rendered":"\n<h1>Qui peut venir?<\/h1>\n<p>Les entrainements sont ouverts \u00e0 tous mais pas tout le temps. Un tableau r\u00e9capitulatif des cr\u00e9neaux est disponible ci-dessous.<\/p>\n<p>Au d\u00e9but de l&rsquo;ann\u00e9e, le mercredi est le cr\u00e9neau id\u00e9al pour venir essayer. Si la piq\u00fbre op\u00e8re, des entrainements suppl\u00e9mentaires arriveront en cours d&rsquo;ann\u00e9e pour aller vers les \u00e9quipes en comp\u00e9tition officielle. La participation aux \u00e9quipes de comp\u00e9tition n&rsquo;est pas obligatoire mais elle permet de progresser plus rapidement au contact de <strong>joueurs exp\u00e9riment\u00e9s<\/strong>. Cela comprend \u00e9galement un cr\u00e9neau d\u00e9di\u00e9 aux entra\u00eenements exclusivement <strong>f\u00e9minins<\/strong>.\u00a0 Ces entrainements sont donc principalement d\u00e9di\u00e9s \u00e0 ceux qui participent ou souhaitent participer aux \u00e9quipes comp\u00e9titives.<\/p>\n<p>Les <strong>jeunes<\/strong> ont \u00e9galement des cr\u00e9neaux d\u00e9di\u00e9s les jeudis et vendredis soir au <a href=\"https:\/\/www.google.fr\/maps\/place\/Gymnase+Daniel+Faucher\/@43.5805169,1.4326903,409m\/data=!3m1!1e3!4m12!1m5!3m4!2zNDPCsDM0JzUwLjkiTiAxwrAyNSc1Ny45IkU!8m2!3d43.5808056!4d1.43275!3m5!1s0x12aebb9005aad477:0xadebb1fad82d530d!8m2!3d43.5813354!4d1.4323516!16s%2Fg%2F12hq3ggjd?entry=ttu\">gymnase Daniel Faucher<\/a>. En cours d&rsquo;ann\u00e9es les places sont limit\u00e9es en fonction des cr\u00e9neaux et des encadrants. Il est possible de demander si il reste des places par mail (voir la rubrique <a href=\"https:\/\/www.toulouseultimate.org\/index.php\/contact\/\">Contact<\/a>) :\u00a0<\/p>\n<ul>\n<li>U13 : 18 places<\/li>\n<li>U15 : 20 places<\/li>\n<li>U17 + U20 : 40 places<\/li>\n<\/ul>\n<h1>Comment se d\u00e9roulent les entrainements?<\/h1>\n<p>Les entrainements sont dirig\u00e9s par des joueurs exp\u00e9riment\u00e9s. D&rsquo;autres sont en formation et interviennent ponctuellement au cours de l&rsquo;entra\u00eenement pour proposer un ou plusieurs exercices.<\/p>\n<p>Le programme d&rsquo;entrainement prend en compte le planning sportif de l&rsquo;ann\u00e9e et se d\u00e9cline sous forme de cycle. Les cycles forment une suite de progression, il est donc important de participer aux entrainements chaque semaine.<\/p>\n<p>Les d\u00e9butants commencent par apprendre les bases du lancer de frisbee \u00e0 l&rsquo;Ultimate et d\u00e9couvrent que c&rsquo;est beaucoup plus vari\u00e9 que sur la plage. Par la suite, les tactiques de bases sont expliqu\u00e9es et appliqu\u00e9es. Un cycle d&rsquo;accueil des d\u00e9butants est mis sp\u00e9cialement en place le mercredi \u00e0 la rentr\u00e9e pour aller jusqu&rsquo;\u00e0 l&rsquo;int\u00e9gration dans une \u00e9quipe de comp\u00e9tition.<\/p>\n<h1>Quand se d\u00e9roulent les entrainements?<\/h1>\n<p>On s\u2019entraine toute l\u2019ann\u00e9e en outdoor. Voici donc <b>le cr\u00e9neau qui ne change jamais <\/b>: Le mercredi, sur le <a href=\"https:\/\/www.google.fr\/maps\/place\/43%C2%B034'50.9%22N+1%C2%B025'57.9%22E\/@43.5805169,1.4326903,327m\/data=!3m1!1e3!4m5!3m4!1s0x0:0x0!8m2!3d43.580818!4d1.432761\"> terrain (synth\u00e9tique) de rugby de Daniel Faucher<\/a> (sur l\u2019\u00eele du Ramier), de 20h \u00e0 22h.<\/p>\n<p>A partir de janvier\/f\u00e9vrier, des cr\u00e9neaux comp\u00e9titifs seront propos\u00e9s le lundi et le mardi. Des groupes de joueur\u2022se\u2022s motiv\u00e9\u2022e\u2022s pour plonger partout et envoyer des beujs s\u2019entrainent aussi en ext\u00e9rieur. Le cr\u00e9neau du lundi sera d\u00e9di\u00e9 \u00e0 la pr\u00e9paration du championnat Mixte, et aura lieu au <a href=\"https:\/\/www.google.fr\/maps\/place\/Stade+Lat\u00e9co\u00e8re\/@43.6003515,1.4930796,344m\/data=!3m1!1e3!4m14!1m7!3m6!1s0x12aebd11a6e1cfb3:0xb9544553dae61591!2zU3RhZGUgTGF0w6ljb8OocmU!8m2!3d43.6004045!4d1.4933736!16s%2Fg%2F11c3sqpgm8!3m5!1s0x12aebd11a6e1cfb3:0xb9544553dae61591!8m2!3d43.6004045!4d1.4933736!16s%2Fg%2F11c3sqpgm8?entry=ttu\">stade Lat\u00e9co\u00e8re<\/a>. Celui du mardi au <a href=\"https:\/\/www.google.fr\/maps\/place\/CREPS\/@43.5692828,1.4735446,15z\/data=!4m5!3m4!1s0x0:0xd19104931786835d!8m2!3d43.5692828!4d1.4735446\">CREPS<\/a> sera d\u00e9di\u00e9 \u00e0 la pr\u00e9paration des championnats Open et F\u00e9minin. Les informations seront donn\u00e9es plus tard dans l&rsquo;ann\u00e9e.<\/p>\n<p>De septembre \u00e0 janvier\/f\u00e9vrier, des stages ou des cr\u00e9neaux d&rsquo;Indoor pourront \u00eatre propos\u00e9s pour pr\u00e9parer les championnats d&rsquo;Indoor.<\/p>\n<h1 id=\"summary-training\">Un petit r\u00e9sum\u00e9?<\/h1>\n<table>\n<thead>\n<tr>\n<th>\n<p><span style=\"color: #ffffff;\"><strong>Jour<\/strong><\/span><\/p>\n<\/th>\n<th>\n<p><span style=\"color: #ffffff;\"><strong>Type d&rsquo;entra\u00eenement<\/strong><\/span><\/p>\n<\/th>\n<th>\n<p><span style=\"color: #ffffff;\"><strong>Localisation<\/strong><\/span><\/p>\n<\/th>\n<th>\n<p><span style=\"color: #ffffff;\"><strong>Heure<\/strong><\/span><\/p>\n<\/th>\n<th>\n<p><span style=\"color: #ffffff;\"><strong>Equipe<\/strong><\/span><\/p>\n<\/th>\n<th>\n<p><span style=\"color: #ffffff;\"><strong>Responsable(s) de l\u2019\u00e9quipe<\/strong><\/span><\/p>\n<\/th>\n<\/tr>\n<\/thead>\n<tbody>\n<tr>\n<td>\n<p><strong>L<\/strong><strong>undi<\/strong><\/p>\n<\/td>\n<td>\n<p><span style=\"font-weight: 300;\">OUTDOOR<\/span><\/p>\n<\/td>\n<td>\n<p><a href=\"https:\/\/www.google.fr\/maps\/place\/Stade+Lat\u00e9co\u00e8re\/@43.6003515,1.4930796,344m\/data=!3m1!1e3!4m14!1m7!3m6!1s0x12aebd11a6e1cfb3:0xb9544553dae61591!2zU3RhZGUgTGF0w6ljb8OocmU!8m2!3d43.6004045!4d1.4933736!16s%2Fg%2F11c3sqpgm8!3m5!1s0x12aebd11a6e1cfb3:0xb9544553dae61591!8m2!3d43.6004045!4d1.4933736!16s%2Fg%2F11c3sqpgm8?entry=ttu\">Stade Lat\u00e9co\u00e8re<\/a><\/p>\n<\/td>\n<td>\n<p><span style=\"font-weight: 300;\">A partir de janvier\u00a0<\/span><\/p>\n<p><span style=\"color: #808080;\"><span style=\"font-weight: 300;\">19h30 \u2013 <\/span><span style=\"font-weight: 300;\">22h00<\/span><\/span><\/p>\n<\/td>\n<td>\n<p><span style=\"font-weight: 300; color: #808080;\">\u00c9quipe mixte<\/span><\/p>\n<p><em><strong>Comp\u00e9tition<\/strong><\/em><\/p>\n<\/td>\n<td>\n<p><em><span style=\"font-weight: 300;\">A d\u00e9finir<\/span><\/em><\/p>\n<\/td>\n<\/tr>\n<tr>\n<td rowspan=\"2\">\n<p><strong>Mardi<\/strong><\/p>\n<\/td>\n<td rowspan=\"2\">\n<p><span style=\"font-weight: 300;\">OUTDOOR<\/span><\/p>\n<\/td>\n<td rowspan=\"2\">\n<p><span style=\"font-weight: 300;\"><a href=\"https:\/\/www.google.fr\/maps\/place\/CREPS\/@43.5692828,1.4735446,15z\/data=!4m5!3m4!1s0x0:0xd19104931786835d!8m2!3d43.5692828!4d1.4735446\">CREPS<\/a><\/span><\/p>\n<\/td>\n<td rowspan=\"2\">\n<p><span style=\"font-weight: 300;\">A partir de f\u00e9vrier\u00a0<\/span><\/p>\n<p><span style=\"font-weight: 300; color: #808080;\">19h30 \u2013 22h00<\/span><\/p>\n<\/td>\n<td>\n<p><span style=\"font-weight: 300; color: #808080;\">Open N2<\/span><\/p>\n<p><em><strong>Comp\u00e9tition<\/strong><\/em><\/p>\n<\/td>\n<td>\n<p><span style=\"color: #333333;\"><em><span style=\"font-weight: 300;\">A d\u00e9finir<\/span><\/em><\/span><\/p>\n<\/td>\n<\/tr>\n<tr>\n<td>\n<p><span style=\"font-weight: 300; color: #808080;\">F\u00e9minin<\/span><\/p>\n<p><em>Tous niveaux<\/em><\/p>\n<\/td>\n<td>\n<p><em><span style=\"font-weight: 300;\">A d\u00e9finir<\/span><\/em><\/p>\n<\/td>\n<\/tr>\n<tr>\n<td>\n<p><strong>Mercredi<\/strong><\/p>\n<\/td>\n<td>\n<p><span style=\"font-weight: 300;\">OUTDOOR<\/span><\/p>\n<\/td>\n<td>\n<p><a href=\"https:\/\/www.google.fr\/maps\/place\/43%C2%B034'50.9%22N+1%C2%B025'57.9%22E\/@43.5805169,1.4326903,327m\/data=!3m1!1e3!4m5!3m4!1s0x0:0x0!8m2!3d43.580818!4d1.432761\">Daniel FAUCHER<\/a><\/p>\n<\/td>\n<td>\n<p><span style=\"font-weight: 300;\">20h00 \u2013 22h00<\/span><\/p>\n<\/td>\n<td>\n<p><span style=\"font-weight: 300;\">Ouvert \u00e0 tous<\/span><\/p>\n<\/td>\n<td>\n<p>Yohan Ponsolle<br \/>Elisa Hervet <br \/>Alexis Ropartz<br \/>Yann Lemonnier <br \/>Octave Le Tullier<\/p>\n<\/td>\n<\/tr>\n<tr>\n<td>\n<p><strong>Jeudi<\/strong><\/p>\n<\/td>\n<td>\n<p><span style=\"font-weight: 300;\">INDOOR<\/span><\/p>\n<\/td>\n<td>\n<p><span style=\"font-weight: 300;\"><a href=\"https:\/\/www.google.fr\/maps\/place\/43%C2%B034'50.9%22N+1%C2%B025'57.9%22E\/@43.5805169,1.4326903,327m\/data=!3m1!1e3!4m5!3m4!1s0x0:0x0!8m2!3d43.580818!4d1.432761\">Daniel FAUCHER<\/a><\/span><\/p>\n<\/td>\n<td>\n<p><span style=\"font-weight: 300;\">18h00 \u2013 20h00<\/span><\/p>\n<\/td>\n<td>\n<p><span style=\"font-weight: 300;\">U17 + U20<\/span><\/p>\n<\/td>\n<td>\n<p><span style=\"font-weight: 300;\">Sylvain MILLE<\/span><\/p>\n<\/td>\n<\/tr>\n<tr>\n<td rowspan=\"4\">\n<p><strong>Vendredi<\/strong><\/p>\n<\/td>\n<td>\n<p><span style=\"font-weight: 300;\">INDOOR*<\/span><\/p>\n<\/td>\n<td>\n<p><a href=\"https:\/\/www.google.fr\/maps\/place\/43%C2%B034'50.9%22N+1%C2%B025'57.9%22E\/@43.5805169,1.4326903,327m\/data=!3m1!1e3!4m5!3m4!1s0x0:0x0!8m2!3d43.580818!4d1.432761\">Daniel FAUCHER<\/a><\/p>\n<\/td>\n<td>\n<p><span style=\"font-weight: 300;\">18h00 \u2013 20h00<\/span><\/p>\n<\/td>\n<td>\n<p><span style=\"font-weight: 300;\">U13<\/span><\/p>\n<\/td>\n<td rowspan=\"3\">\n<p><span style=\"font-weight: 300;\">Damien MARCHAND<\/span><\/p>\n<p><span style=\"font-weight: 300;\">Bertrand VENZAL<\/span><\/p>\n<p><span style=\"font-weight: 300;\">Sylvain MILLE<\/span><\/p>\n<\/td>\n<\/tr>\n<tr>\n<td>\n<p><span style=\"font-weight: 300;\">INDOOR*<\/span><\/p>\n<\/td>\n<td>\n<p><a href=\"https:\/\/www.google.fr\/maps\/place\/43%C2%B034'50.9%22N+1%C2%B025'57.9%22E\/@43.5805169,1.4326903,327m\/data=!3m1!1e3!4m5!3m4!1s0x0:0x0!8m2!3d43.580818!4d1.432761\">Daniel FAUCHER<\/a><\/p>\n<\/td>\n<td>\n<p><span style=\"font-weight: 300;\">18h45 \u2013 21h00<\/span><\/p>\n<\/td>\n<td>\n<p><span style=\"font-weight: 300;\">U15<\/span><\/p>\n<\/td>\n<\/tr>\n<tr>\n<td>\n<p><span style=\"font-weight: 300;\">INDOOR*<\/span><\/p>\n<\/td>\n<td>\n<p><a href=\"https:\/\/www.google.fr\/maps\/place\/43%C2%B034'50.9%22N+1%C2%B025'57.9%22E\/@43.5805169,1.4326903,327m\/data=!3m1!1e3!4m5!3m4!1s0x0:0x0!8m2!3d43.580818!4d1.432761\">Daniel FAUCHER<\/a><\/p>\n<\/td>\n<td>\n<p><span style=\"font-weight: 300;\">20h00 \u2013 22h00<\/span><\/p>\n<\/td>\n<td>\n<p><span style=\"font-weight: 300;\">U17 + U20<\/span><\/p>\n<\/td>\n<\/tr>\n<tr>\n<td>\n<p><span style=\"font-weight: 300;\">OUTDOOR<\/span><\/p>\n<\/td>\n<td>\n<p><a href=\"https:\/\/www.google.fr\/maps\/place\/43%C2%B034'50.9%22N+1%C2%B025'57.9%22E\/@43.5805169,1.4326903,327m\/data=!3m1!1e3!4m5!3m4!1s0x0:0x0!8m2!3d43.580818!4d1.432761\">Daniel FAUCHER<\/a><\/p>\n<\/td>\n<td>\n<p><span style=\"font-weight: 300;\">19h30 \u2013 22h<\/span><\/p>\n<\/td>\n<td>\n<p><span style=\"font-weight: 300;\">Libre<\/span><\/p>\n<\/td>\n<td>&#8211;<\/td>\n<\/tr>\n<\/tbody>\n<\/table>\n<p><span style=\"font-weight: 300;\">*: possibilit\u00e9 de jouer en OUTDOOR si la m\u00e9t\u00e9o le permet, donc prendre chaussures de salle + crampons<\/span><\/p>\n<h1>Quel est le mat\u00e9riel n\u00e9cessaire \u00e0 la pratique de l&rsquo;Ultimate?<\/h1>\n<p>Le mat\u00e9riel n\u00e9cessaire pour la pratique de l&rsquo;Ultimate se compose de :<\/p>\n<ul>\n<li>une paire de chaussures de sport\n<ul>\n<li>\u00e0 l&rsquo;ext\u00e9rieur : une paire de crampons moul\u00e9s (ronds de pr\u00e9f\u00e9rence, crampons \u00e0 lamelle interdits) ou de chaussures type hockey sur gazon<\/li>\n<li>\u00e0 l&rsquo;int\u00e9rieur : une paire de chaussures de salle type handball, basket, volley<\/li>\n<\/ul>\n<\/li>\n<li>un short<\/li>\n<li>un t-shirt blanc et un t-shirt noir<\/li>\n<li>une bouteille d&rsquo;eau<\/li>\n<\/ul>\n<p>Et pense \u00e0 te couper les ongles, un d\u00e9tail de taille.<\/p>\n<h1>O\u00f9?<\/h1>\n<h2>Entrainements \u00e0 Daniel Faucher<\/h2>\n<p><iframe loading=\"lazy\" src=\"https:\/\/maps.google.fr\/maps?q=43.580818,1.432761&amp;num=1&amp;ie=UTF8&amp;ll=43.580857,1.435572&amp;spn=0.026642,0.065875&amp;t=m&amp;z=14&amp;output=embed\" width=\"425\" height=\"350\" frameborder=\"0\" marginwidth=\"0\" marginheight=\"0\" scrolling=\"no\" data-mce-fragment=\"1\"><\/iframe><small><\/small><\/p>\n<h2>Entrainements au CREPS<\/h2>\n<p>\u00a0<\/p>\n\n\n<\/p>\n<p><iframe loading=\"lazy\" src=\"https:\/\/www.google.com\/maps\/embed?pb=!1m18!1m12!1m3!1d3437.799985074355!2d1.4734482208915327!3d43.56834855705585!2m3!1f0!2f0!3f0!3m2!1i1024!2i768!4f13.1!3m3!1m2!1s0x12aebc36e699de5b%3A0xd19104931786835d!2sCREPS%20de%20Toulouse!5e0!3m2!1sfr!2sfr!4v1723826371703!5m2!1sfr!2sfr\" width=\"600\" height=\"450\" allowfullscreen=\"allowfullscreen\" data-mce-fragment=\"1\"><\/iframe><\/p>\n<p>\n\n\n<p><\/p>\n<h2>Entrainements au Stade Lat\u00e9co\u00e8re<\/h2>\n\n\n<p>\n<iframe src=\"https:\/\/www.google.com\/maps\/embed?pb=!1m18!1m12!1m3!1d2889.294734877917!2d1.4933736!3d43.600404499999996!2m3!1f0!2f0!3f0!3m2!1i1024!2i768!4f13.1!3m3!1m2!1s0x12aebd11a6e1cfb3%3A0xb9544553dae61591!2zU3RhZGUgTGF0w6ljb8OocmU!5e0!3m2!1sfr!2sfr!4v1693403815236!5m2!1sfr!2sfr\" width=\"425\" height=\"350\" frameborder=\"0\" marginwidth=\"0\" marginheight=\"0\" scrolling=\"no\" data-mce-fragment=\"1\" loading=\"lazy\" referrerpolicy=\"no-referrer-when-downgrade\"><\/iframe>\n<\/p>\n","protected":false},"excerpt":{"rendered":"<p>Qui peut venir? Les entrainements sont ouverts \u00e0 tous mais pas tout le temps. Un tableau r\u00e9capitulatif des cr\u00e9neaux est disponible ci-dessous. Au d\u00e9but de l&rsquo;ann\u00e9e, le mercredi est le cr\u00e9neau id\u00e9al pour venir essayer. Si la piq\u00fbre op\u00e8re, des<\/p>\n","protected":false},"author":1,"featured_media":0,"parent":30,"menu_order":0,"comment_status":"closed","ping_status":"closed","template":"","meta":{"_mi_skip_tracking":false},"_links":{"self":[{"href":"http:\/\/www.toulouseultimate.org\/index.php\/wp-json\/wp\/v2\/pages\/38"}],"collection":[{"href":"http:\/\/www.toulouseultimate.org\/index.php\/wp-json\/wp\/v2\/pages"}],"about":[{"href":"http:\/\/www.toulouseultimate.org\/index.php\/wp-json\/wp\/v2\/types\/page"}],"author":[{"embeddable":true,"href":"http:\/\/www.toulouseultimate.org\/index.php\/wp-json\/wp\/v2\/users\/1"}],"replies":[{"embeddable":true,"href":"http:\/\/www.toulouseultimate.org\/index.php\/wp-json\/wp\/v2\/comments?post=38"}],"version-history":[{"count":95,"href":"http:\/\/www.toulouseultimate.org\/index.php\/wp-json\/wp\/v2\/pages\/38\/revisions"}],"predecessor-version":[{"id":990,"href":"http:\/\/www.toulouseultimate.org\/index.php\/wp-json\/wp\/v2\/pages\/38\/revisions\/990"}],"up":[{"embeddable":true,"href":"http:\/\/www.toulouseultimate.org\/index.php\/wp-json\/wp\/v2\/pages\/30"}],"wp:attachment":[{"href":"http:\/\/www.toulouseultimate.org\/index.php\/wp-json\/wp\/v2\/media?parent=38"}],"curies":[{"name":"wp","href":"https:\/\/api.w.org\/{rel}","templated":true}]}}