{"id":340,"date":"2019-03-04T23:23:34","date_gmt":"2019-03-04T22:23:34","guid":{"rendered":"http:\/\/www.toulouseultimate.org\/?page_id=340"},"modified":"2025-09-30T22:57:12","modified_gmt":"2025-09-30T20:57:12","slug":"quelques-visages-du-club","status":"publish","type":"page","link":"http:\/\/www.toulouseultimate.org\/index.php\/quelques-visages-du-club\/","title":{"rendered":"Quelques visages du club"},"content":{"rendered":"<p>Tu as des questions ? \u00c7a tombe bien, on a les r\u00e9ponses ! Enfin, c\u2019est pas s\u00fbr\u2026 mais \u00e7a vaut le coup d&rsquo;essayer, non ? N&rsquo;h\u00e9site pas \u00e0 nous <a href=\"http:\/\/www.toulouseultimate.org\/index.php\/contact\/\">contacter<\/a> !<\/p>\n<h2>Le bureau directeur<\/h2>\n<ul class=\"list-img\">\n<li><a href=\"http:\/\/www.toulouseultimate.org\/wp-content\/uploads\/2024\/08\/Lisa-Cannizzo.png\"><img loading=\"lazy\" class=\"alignnone size-full wp-image-886\" src=\"http:\/\/www.toulouseultimate.org\/wp-content\/uploads\/2024\/08\/Lisa-Cannizzo.png\" alt=\"\" width=\"154\" height=\"132\" \/><\/a>\n<div>\n<div><strong>Lisa Cannizzo<\/strong><\/div>\n<div>Pr\u00e9sidente<\/div>\n<\/div>\n<\/li>\n<li><a href=\"http:\/\/www.toulouseultimate.org\/wp-content\/uploads\/2024\/08\/Robin-Lenogue.png\"><img loading=\"lazy\" class=\"alignnone size-full wp-image-887\" src=\"http:\/\/www.toulouseultimate.org\/wp-content\/uploads\/2024\/08\/Robin-Lenogue.png\" alt=\"\" width=\"180\" height=\"241\" \/><\/a>\n<div>\n<div><b>Robin Lenogue<\/b><\/div>\n<div>Vice-pr\u00e9sident<\/div>\n<\/div>\n<\/li>\n<li><a href=\"http:\/\/www.toulouseultimate.org\/wp-content\/uploads\/2024\/08\/Samia-Si-Belahouel.png\"><img loading=\"lazy\" class=\"alignnone size-full wp-image-888\" src=\"http:\/\/www.toulouseultimate.org\/wp-content\/uploads\/2024\/08\/Samia-Si-Belahouel.png\" alt=\"\" width=\"187\" height=\"157\" \/><\/a>\n<div>\n<div><strong>Samia Si Belahouel<br \/>\n<\/strong><\/div>\n<div>Secr\u00e9taire<\/div>\n<\/div>\n<\/li>\n<li><a href=\"http:\/\/www.toulouseultimate.org\/wp-content\/uploads\/2024\/08\/Alexia-Valentin.png\"><img loading=\"lazy\" class=\"alignnone size-full wp-image-889\" src=\"http:\/\/www.toulouseultimate.org\/wp-content\/uploads\/2024\/08\/Alexia-Valentin.png\" alt=\"\" width=\"168\" height=\"160\" \/><\/a>\n<div>\n<div><strong>Alexia Valentin<br \/>\n<\/strong><\/div>\n<div>Vice-secr\u00e9taire<\/div>\n<\/div>\n<\/li>\n<li><a href=\"http:\/\/www.toulouseultimate.org\/wp-content\/uploads\/2024\/08\/Pierre-Mael-Mayne.png\"><img loading=\"lazy\" class=\"alignnone size-full wp-image-890\" src=\"http:\/\/www.toulouseultimate.org\/wp-content\/uploads\/2024\/08\/Pierre-Mael-Mayne.png\" alt=\"\" width=\"113\" height=\"113\" \/><\/a>\n<div>\n<div><strong>Pierre-Ma\u00ebl Mayn\u00e9<\/strong><\/div>\n<div>Tr\u00e9sorier<\/div>\n<\/div>\n<\/li>\n<li><a href=\"http:\/\/www.toulouseultimate.org\/wp-content\/uploads\/2025\/09\/image_2025-09-30_225632276.png\"><img loading=\"lazy\" class=\"alignnone  wp-image-985\" src=\"http:\/\/www.toulouseultimate.org\/wp-content\/uploads\/2025\/09\/image_2025-09-30_225632276.png\" alt=\"\" width=\"161\" height=\"161\" srcset=\"http:\/\/www.toulouseultimate.org\/wp-content\/uploads\/2025\/09\/image_2025-09-30_225632276.png 774w, http:\/\/www.toulouseultimate.org\/wp-content\/uploads\/2025\/09\/image_2025-09-30_225632276-300x300.png 300w, http:\/\/www.toulouseultimate.org\/wp-content\/uploads\/2025\/09\/image_2025-09-30_225632276-150x150.png 150w, http:\/\/www.toulouseultimate.org\/wp-content\/uploads\/2025\/09\/image_2025-09-30_225632276-768x768.png 768w, http:\/\/www.toulouseultimate.org\/wp-content\/uploads\/2025\/09\/image_2025-09-30_225632276-230x230.png 230w, http:\/\/www.toulouseultimate.org\/wp-content\/uploads\/2025\/09\/image_2025-09-30_225632276-330x330.png 330w\" sizes=\"(max-width: 161px) 100vw, 161px\" \/><\/a>\n<div>\n<div><strong>Florestan Dorval<br \/>\n<\/strong><\/div>\n<div>Vice-tr\u00e9sorier<\/div>\n<\/div>\n<\/li>\n<li><img loading=\"lazy\" class=\"alignnone wp-image-482 size-medium\" src=\"http:\/\/www.toulouseultimate.org\/wp-content\/uploads\/2019\/08\/DSC_0457-300x200.jpg\" alt=\"\" width=\"300\" height=\"200\" srcset=\"http:\/\/www.toulouseultimate.org\/wp-content\/uploads\/2019\/08\/DSC_0457-300x200.jpg 300w, http:\/\/www.toulouseultimate.org\/wp-content\/uploads\/2019\/08\/DSC_0457-768x512.jpg 768w, http:\/\/www.toulouseultimate.org\/wp-content\/uploads\/2019\/08\/DSC_0457-1024x683.jpg 1024w\" sizes=\"(max-width: 300px) 100vw, 300px\" \/>\n<div>\n<div><strong>Alexandre Guigue<br \/>\n<\/strong><\/div>\n<div>Responsable Com&rsquo;<\/div>\n<\/div>\n<\/li>\n<li><a href=\"http:\/\/www.toulouseultimate.org\/wp-content\/uploads\/2024\/08\/Elie-Poussou.png\"><img loading=\"lazy\" class=\"alignnone size-full wp-image-891\" src=\"http:\/\/www.toulouseultimate.org\/wp-content\/uploads\/2024\/08\/Elie-Poussou.png\" alt=\"\" width=\"198\" height=\"162\" \/><\/a>\n<div>\n<div><strong>Elie Poussou<br \/>\n<\/strong><\/div>\n<div>Responsable sportif<\/div>\n<\/div>\n<\/li>\n<\/ul>\n","protected":false},"excerpt":{"rendered":"<p>Tu as des questions ? \u00c7a tombe bien, on a les r\u00e9ponses ! Enfin, c\u2019est pas s\u00fbr\u2026 mais \u00e7a vaut le coup d&rsquo;essayer, non ? N&rsquo;h\u00e9site pas \u00e0 nous contacter ! Le bureau directeur Lisa Cannizzo Pr\u00e9sidente Robin Lenogue Vice-pr\u00e9sident<\/p>\n","protected":false},"author":1,"featured_media":0,"parent":0,"menu_order":0,"comment_status":"closed","ping_status":"closed","template":"","meta":{"_mi_skip_tracking":false},"_links":{"self":[{"href":"http:\/\/www.toulouseultimate.org\/index.php\/wp-json\/wp\/v2\/pages\/340"}],"collection":[{"href":"http:\/\/www.toulouseultimate.org\/index.php\/wp-json\/wp\/v2\/pages"}],"about":[{"href":"http:\/\/www.toulouseultimate.org\/index.php\/wp-json\/wp\/v2\/types\/page"}],"author":[{"embeddable":true,"href":"http:\/\/www.toulouseultimate.org\/index.php\/wp-json\/wp\/v2\/users\/1"}],"replies":[{"embeddable":true,"href":"http:\/\/www.toulouseultimate.org\/index.php\/wp-json\/wp\/v2\/comments?post=340"}],"version-history":[{"count":100,"href":"http:\/\/www.toulouseultimate.org\/index.php\/wp-json\/wp\/v2\/pages\/340\/revisions"}],"predecessor-version":[{"id":986,"href":"http:\/\/www.toulouseultimate.org\/index.php\/wp-json\/wp\/v2\/pages\/340\/revisions\/986"}],"wp:attachment":[{"href":"http:\/\/www.toulouseultimate.org\/index.php\/wp-json\/wp\/v2\/media?parent=340"}],"curies":[{"name":"wp","href":"https:\/\/api.w.org\/{rel}","templated":true}]}}