{"id":30,"date":"2018-03-23T21:05:35","date_gmt":"2018-03-23T20:05:35","guid":{"rendered":"http:\/\/coco.toulouseultimate.org\/?page_id=30"},"modified":"2025-08-05T19:01:45","modified_gmt":"2025-08-05T17:01:45","slug":"le-club","status":"publish","type":"page","link":"http:\/\/www.toulouseultimate.org\/index.php\/le-club\/","title":{"rendered":"Le club"},"content":{"rendered":"\n<h2>C\u2019est quoi le club d\u2019ultimate de Toulouse ?<\/h2>\n\n\n\n<p>Comme tout bon club d\u2019ultimate qui se respecte, les toulousains ont un nom bien \u00e0 eux : ils s\u2019appellent les BTR ! Pourquoi cet acronyme ? Car BTR signifie Better Than Rex en souvenir de ses fondateurs, joueurs sans peur qui, \u00e0 d\u00e9faut d\u2019avoir un terrain officiel pour pratiquer ce beau sport, jouaient dans un terrain vague entour\u00e9s de chiens. Et\u2026 il fallait absolument \u00eatre meilleurs qu\u2019eux !<\/p>\n\n\n\n<p>Association fond\u00e9e en 1998, ses membres sont de fervent d\u00e9fenseurs des valeurs de fair play, de coh\u00e9sion, d\u2019entraide, de fun et de sport !<\/p>\n\n\n\n<p>\u00c9videmment, en plus des licenci\u00e9s (environ de 110 pour la saison 2024\/2025 !), l\u2019association se compose d\u2019un bureau de b\u00e9n\u00e9voles, et plein d\u2019autres motiv\u00e9s qui font vivre l\u2019ultimate toulousain (<a href=\"http:\/\/www.toulouseultimate.org\/index.php\/quelques-visages-du-club\/\" data-type=\"page\" data-id=\"340\">voir un \u00e9chantillon<\/a>) ! Si tu as la moindre envie et quelques minutes de disponibles, n\u2019h\u00e9site pas \u00e0 te faire conna\u00eetre aupr\u00e8s du bureau.<\/p>\n\n\n\n<h2>C\u2019est quoi le TUC ?<\/h2>\n\n\n\n<p>Contrairement \u00e0 la croyance populaire, TUC ne veut pas dire \u201cToulouse Ultimate Club\u201d, mais \u201cToulouse Universit\u00e9 Club\u201d. Et le TUC Ultimate (nous, donc) est une section du TUC, qui est un club omnisports de plus de 5000 adh\u00e9rents, avec 18 sections ! Vous voyez \u201cUniversit\u00e9\u201d dans le titre, mais le TUC est bien ouvert \u00e0 tous, \u00e9tudiants ou non.<\/p>\n\n\n\n<p>C\u2019est gr\u00e2ce au TUC que le club a pu se lancer, et qu\u2019il a acc\u00e8s au terrain et au gymnase de Daniel Faucher, entre autres choses.<\/p>\n\n\n\n<p>Si vous voulez en savoir plus, c\u2019est par l\u00e0 :&nbsp;<a href=\"http:\/\/www.toulouse-universite-club.fr\/index.html\">TUC<\/a>.<\/p>\n\n\n\n<p><\/p>\n\n\n\n<h1>Bilan sportif 2024\/2025<\/h1>\n\n\n\n<h2>Championnats de France<\/h2>\n\n\n\n<p>Cette ann\u00e9e encore, les joueurs et joueuses BTR ont particip\u00e9 \u00e0 de nombreux championnats. Voici l&rsquo;ensemble des r\u00e9sultats de l&rsquo;ann\u00e9e 2024-2025 : <\/p>\n\n\n\n<ul><li>Beach<ul><li>U17 Mixte National : 15\u00e8me \/ 16 <\/li><li>Mixte N1 : 9\u00e8me \/ 12<\/li><li>F\u00e9minin N2 : 1er \/ 6 &#8211; Qualification en N1 <\/li><li>Open 1 N1 : 4\u00e8me \/ 6<\/li><li>Open 2 N3 : 3\u00e8me \/ 10<\/li><li>Master N1 : 3\u00e8me \/ 12<\/li><\/ul><\/li><li>Indoor<ul><li>U13 National : 9\u00e8me \/ 12<\/li><li>U17 National : 5\u00e8me \/ 12<\/li><li>Open 1 N2 : 11\u00e8me \/ 12 &#8211; Descente en N3<\/li><li>Open 3 R\u00e9gional : 3\u00e8me \/ 6<\/li><\/ul><\/li><li>Outdoor<ul><li>U13 National : 7\u00e8me \/ 12<\/li><li>U15 R\u00e9gional : 5\u00e8me \/ 5<\/li><li>U17 R\u00e9gional Senior : 3\u00e8me \/ 9 <\/li><li>Mixte N2 : 4\u00e8me \/ 12<\/li><li>Open 1 N2 : 2\u00e8me \/ 12 &#8211; Qualification en N1<\/li><li>Open 2 R\u00e9gional : 2\u00e8me \/ 9 &#8211; Qualification en N3<\/li><\/ul><\/li><\/ul>\n\n\n\n<h2>Championnats du monde<\/h2>\n\n\n\n<p>Cette ann\u00e9e a eu lieu les Championnats du Monde des Clubs (World Ultimate Club Championships) sur sable \u00e0 Portimao (Portugal) o\u00f9 l&rsquo;\u00e9quipe Open a particip\u00e9 et a remport\u00e9 la 17\u00e8me place sur 39 \u00e9quipes.<\/p>\n","protected":false},"excerpt":{"rendered":"<p>C\u2019est quoi le club d\u2019ultimate de Toulouse ? Comme tout bon club d\u2019ultimate qui se respecte, les toulousains ont un nom bien \u00e0 eux : ils s\u2019appellent les BTR ! Pourquoi cet acronyme ? Car BTR signifie Better Than Rex<\/p>\n","protected":false},"author":1,"featured_media":0,"parent":0,"menu_order":1,"comment_status":"closed","ping_status":"closed","template":"","meta":{"_mi_skip_tracking":false},"_links":{"self":[{"href":"http:\/\/www.toulouseultimate.org\/index.php\/wp-json\/wp\/v2\/pages\/30"}],"collection":[{"href":"http:\/\/www.toulouseultimate.org\/index.php\/wp-json\/wp\/v2\/pages"}],"about":[{"href":"http:\/\/www.toulouseultimate.org\/index.php\/wp-json\/wp\/v2\/types\/page"}],"author":[{"embeddable":true,"href":"http:\/\/www.toulouseultimate.org\/index.php\/wp-json\/wp\/v2\/users\/1"}],"replies":[{"embeddable":true,"href":"http:\/\/www.toulouseultimate.org\/index.php\/wp-json\/wp\/v2\/comments?post=30"}],"version-history":[{"count":10,"href":"http:\/\/www.toulouseultimate.org\/index.php\/wp-json\/wp\/v2\/pages\/30\/revisions"}],"predecessor-version":[{"id":937,"href":"http:\/\/www.toulouseultimate.org\/index.php\/wp-json\/wp\/v2\/pages\/30\/revisions\/937"}],"wp:attachment":[{"href":"http:\/\/www.toulouseultimate.org\/index.php\/wp-json\/wp\/v2\/media?parent=30"}],"curies":[{"name":"wp","href":"https:\/\/api.w.org\/{rel}","templated":true}]}}