{"id":297,"date":"2018-08-19T19:17:26","date_gmt":"2018-08-19T17:17:26","guid":{"rendered":"http:\/\/www.toulouseultimate.org\/?page_id=297"},"modified":"2025-08-05T18:59:05","modified_gmt":"2025-08-05T16:59:05","slug":"documents-administratifs","status":"publish","type":"page","link":"http:\/\/www.toulouseultimate.org\/index.php\/le-club\/documents-administratifs\/","title":{"rendered":"Documents administratifs"},"content":{"rendered":"<h1>Documents officiels<\/h1>\n<ul>\n<li><a href=\"https:\/\/drive.google.com\/file\/d\/0B_OqSEbNEWcDakFkc3dFeFVORTQ\/view?usp=sharing\">Statuts de l&rsquo;association<\/a><\/li>\n<li><a href=\"https:\/\/drive.google.com\/file\/d\/0B_OqSEbNEWcDaC1FTWtDdUxBMTk2TjVWUUlZTkVNT1p2VU5F\/view?usp=sharing\">R\u00e8glement int\u00e9rieur<\/a><\/li>\n<li><a href=\"http:\/\/www.toulouseultimate.org\/wp-content\/uploads\/2024\/08\/Assemblee-Generale-Proces-Verbal.pdf\">PV Assembl\u00e9e G\u00e9n\u00e9rale TUC Ultimate 2024<\/a><\/li>\n<li>&nbsp;<\/li>\n<\/ul>\n<h1>Logos &#8211; charte graphique<\/h1>\n<ul>\n<li><a href=\"http:\/\/www.toulouseultimate.org\/wp-content\/uploads\/2024\/08\/logo-BTR.zip\">Logo BTR<\/a><\/li>\n<li><a href=\"http:\/\/www.toulouseultimate.org\/wp-content\/uploads\/2019\/12\/logo-TUC_Ultimate.zip\">Logo TUC Ultimate<\/a><\/li>\n<li><a href=\"http:\/\/www.toulouseultimate.org\/wp-content\/uploads\/2019\/12\/logo-TUC_Omnisport.zip\">Logo TUC Omnisport<\/a><\/li>\n<\/ul>\n<h1>Carte mentale<\/h1>\n<p><a href=\"http:\/\/www.toulouseultimate.org\/wp-content\/uploads\/2019\/06\/IMG_3897.jpg\" target=\"_blank\" rel=\"noopener\"><img loading=\"lazy\" class=\"alignnone wp-image-447 size-large\" src=\"http:\/\/www.toulouseultimate.org\/wp-content\/uploads\/2019\/06\/IMG_3897-968x1024.jpg\" alt=\"\" width=\"710\" height=\"751\" srcset=\"http:\/\/www.toulouseultimate.org\/wp-content\/uploads\/2019\/06\/IMG_3897-968x1024.jpg 968w, http:\/\/www.toulouseultimate.org\/wp-content\/uploads\/2019\/06\/IMG_3897-283x300.jpg 283w, http:\/\/www.toulouseultimate.org\/wp-content\/uploads\/2019\/06\/IMG_3897-768x813.jpg 768w\" sizes=\"(max-width: 710px) 100vw, 710px\" \/><\/a><\/p>\n\n\n<p><\/p>\n","protected":false},"excerpt":{"rendered":"<p>Documents officiels Statuts de l&rsquo;association R\u00e8glement int\u00e9rieur PV Assembl\u00e9e G\u00e9n\u00e9rale TUC Ultimate 2024 &nbsp; Logos &#8211; charte graphique Logo BTR Logo TUC Ultimate Logo TUC Omnisport Carte mentale<\/p>\n","protected":false},"author":1,"featured_media":0,"parent":30,"menu_order":0,"comment_status":"closed","ping_status":"closed","template":"","meta":{"_mi_skip_tracking":false},"_links":{"self":[{"href":"http:\/\/www.toulouseultimate.org\/index.php\/wp-json\/wp\/v2\/pages\/297"}],"collection":[{"href":"http:\/\/www.toulouseultimate.org\/index.php\/wp-json\/wp\/v2\/pages"}],"about":[{"href":"http:\/\/www.toulouseultimate.org\/index.php\/wp-json\/wp\/v2\/types\/page"}],"author":[{"embeddable":true,"href":"http:\/\/www.toulouseultimate.org\/index.php\/wp-json\/wp\/v2\/users\/1"}],"replies":[{"embeddable":true,"href":"http:\/\/www.toulouseultimate.org\/index.php\/wp-json\/wp\/v2\/comments?post=297"}],"version-history":[{"count":15,"href":"http:\/\/www.toulouseultimate.org\/index.php\/wp-json\/wp\/v2\/pages\/297\/revisions"}],"predecessor-version":[{"id":935,"href":"http:\/\/www.toulouseultimate.org\/index.php\/wp-json\/wp\/v2\/pages\/297\/revisions\/935"}],"up":[{"embeddable":true,"href":"http:\/\/www.toulouseultimate.org\/index.php\/wp-json\/wp\/v2\/pages\/30"}],"wp:attachment":[{"href":"http:\/\/www.toulouseultimate.org\/index.php\/wp-json\/wp\/v2\/media?parent=297"}],"curies":[{"name":"wp","href":"https:\/\/api.w.org\/{rel}","templated":true}]}}