{"id":171,"date":"2018-04-08T19:20:48","date_gmt":"2018-04-08T17:20:48","guid":{"rendered":"http:\/\/coco.toulouseultimate.org\/?page_id=171"},"modified":"2025-08-05T18:45:04","modified_gmt":"2025-08-05T16:45:04","slug":"les-championnats-et-tournois","status":"publish","type":"page","link":"http:\/\/www.toulouseultimate.org\/index.php\/le-club\/les-championnats-et-tournois\/","title":{"rendered":"Les \u00e9quipes, championnats et tournois"},"content":{"rendered":"<h1>C\u2019est quand les championnats ? C\u2019est quoi la diff\u00e9rence avec les tournois ?<\/h1>\n<p>Pour conna\u00eetre les dates de championnat, le plus simple est d\u2019aller sur le site de la FFFD. Vous les trouverez ici :&nbsp;<a href=\"https:\/\/www.ff-flyingdisc.fr\/calendrierultimate\/\">Championnats 2024-2025<\/a><\/p>\n<p>Les dates des championnats r\u00e9gionaux (indoor et outdoor) sont d\u00e9cid\u00e9es par les ligues r\u00e9gionales, ces dates ne sont donc connues que plus tard dans la saison.<\/p>\n<p>Sinon, vous pouvez ajouter \u00e0 votre agenda le <a href=\"http:\/\/www.toulouseultimate.org\/index.php\/calendrier\/\">calendrier<\/a> google du club, qui sera mis \u00e0 jour r\u00e9guli\u00e8rement, avec les dates de championnat et des tournois auxquels le club participe, les \u00e9v\u00e8nements coh\u00e9sion, tout \u00e7a tout \u00e7a !<\/p>\n<p>Et donc les tournois, c\u2019est quoi la diff\u00e9rence ? Les championnats sont des \u00e9v\u00e8nements organis\u00e9s par la F\u00e9d\u00e9ration et comptent donc pour le championnat de France. Les tournois sont g\u00e9n\u00e9ralement organis\u00e9s par des clubs, et vous serez jug\u00e9s autant sur le terrain que pendant la beer race et la soir\u00e9e !<\/p>\n<h1>Quelles sont nos \u00e9quipes ?<\/h1>\n<h2>Championnat Beach<\/h2>\n<p>En beach, il y a des \u00e9quipes inscrites dans trois cat\u00e9gories :<\/p>\n<ul>\n<li>&nbsp;3 \u00e9quipes en open N2, N3 et Master.<\/li>\n<li>1 \u00e9quipe en f\u00e9minin : BTRFly (N2).<\/li>\n<li>1 \u00e9quipe en mixte N2.<\/li>\n<\/ul>\n<h2>Championnat Indoor<\/h2>\n<p>En indoor, il y a des \u00e9quipes inscrites dans deux cat\u00e9gories :<\/p>\n<ul>\n<li>3 \u00e9quipes en open : N2 et 2 \u00e9quipes DR,<\/li>\n<\/ul>\n<h2>Championnat Outdoor<\/h2>\n<p>En outdoor, il y a des \u00e9quipes inscrites dans trois cat\u00e9gories :<\/p>\n<ul>\n<li>2 \u00e9quipes en open : N2 &#8211; DR,<\/li>\n<\/ul>\n<h2>Pour les jeunes<\/h2>\n<p>Emmener nos jeunes dans diff\u00e9rents \u00e9v\u00e8nements sportifs est un plus : d\u00e9couvrir la comp\u00e9tition, partir dans dans des journ\u00e9es ou week-ends qui aident la coh\u00e9sion, rencontrer de nouvelles personnes qui partagent la m\u00eame passion pour l&rsquo;ultimate. Pour encadrer et permettre ces moments d&rsquo;exister, il est important que des parents se portent volontaires pour aider et accompagner les coachs.<\/p>\n<p>Ces d\u00e9placements ont un co\u00fbt qui sera r\u00e9parti tout au long de l&rsquo;ann\u00e9e en fonction des sorties. Il n&rsquo;est pas possible de donner un prix fixe pour l&rsquo;ann\u00e9e, cependant pour aider \u00e0 anticiper les d\u00e9penses, voici une liste pr\u00e9visionnelle des frais potentiels (<strong>aucune sortie ou activit\u00e9 n&rsquo;est obligatoire<\/strong>). Ces sommes d\u00e9pendent des championnats et \/ ou tournois pr\u00e9vus par les coachs. Des informations compl\u00e9mentaires seront donn\u00e9es tout au long de l&rsquo;ann\u00e9e.<\/p>\n<ul>\n<li>U13 : entre 100 et 240\u20ac<\/li>\n<li>U15 : entre 100 et 240\u20ac<\/li>\n<li>U17 + U20 : entre 120 et 150\u20ac<\/li>\n<li>U17 A (en fonction de la s\u00e9lection pour les championnats U17) : entre 300 et 360\u20ac<\/li>\n<\/ul>\n<p>En fonction de l&rsquo;\u00e2ge et du niveau, il est possible que le club propose des championnats suppl\u00e9mentaires adultes (f\u00e9minins, r\u00e9gionaux, etc&#8230;), les frais estim\u00e9s suppl\u00e9mentaires seront annonc\u00e9s \u00e0 l&rsquo;avance aux parents.<\/p>\n<h1>Quelques exemples de tournois ?<\/h1>\n<p>En vrac, comme \u00e7a :<\/p>\n<ul>\n<li>Le Tournoi Tournoi, \u00e0 Foix (g\u00e9n\u00e9ralement d\u00e9but octobre, en ext\u00e9rieur).<\/li>\n<li>Le Pop Hat \u00e0 Avignon, d\u00e9but Octobre (en ext\u00e9rieur).<\/li>\n<li>Le Piper hat \u00e0 Biarritz (g\u00e9n\u00e9ralement mi-juillet, gazon)<\/li>\n<li>&nbsp;\u2026 et sans doute d\u2019autres encore, dont tu entendras parler au cours de la saison.<\/li>\n<\/ul>\n<h1>Y\u2019a quand m\u00eame plein de trucs que je comprends pas, alors qui a les r\u00e9ponses ?<\/h1>\n<p>Toutes les r\u00e9ponses, c\u2019est pas s\u00fbr\u2026 Mais ils feront de leur mieux pour vous aider ! =&gt; <a href=\"http:\/\/www.toulouseultimate.org\/index.php\/contact\/\">Contact<\/a><\/p>\n<p><em>*Remplacez DOT par \u00ab\u00a0.\u00a0\u00bb et AT par \u00ab\u00a0@\u00a0\u00bb et supprimez les espaces (pr\u00e9cautions pour limiter les spams et conserver ces adresses&#8230;)<\/em><\/p>\n","protected":false},"excerpt":{"rendered":"<p>C\u2019est quand les championnats ? C\u2019est quoi la diff\u00e9rence avec les tournois ? Pour conna\u00eetre les dates de championnat, le plus simple est d\u2019aller sur le site de la FFFD. Vous les trouverez ici :&nbsp;Championnats 2024-2025 Les dates des championnats<\/p>\n","protected":false},"author":1,"featured_media":0,"parent":30,"menu_order":0,"comment_status":"closed","ping_status":"closed","template":"","meta":{"_mi_skip_tracking":false},"_links":{"self":[{"href":"http:\/\/www.toulouseultimate.org\/index.php\/wp-json\/wp\/v2\/pages\/171"}],"collection":[{"href":"http:\/\/www.toulouseultimate.org\/index.php\/wp-json\/wp\/v2\/pages"}],"about":[{"href":"http:\/\/www.toulouseultimate.org\/index.php\/wp-json\/wp\/v2\/types\/page"}],"author":[{"embeddable":true,"href":"http:\/\/www.toulouseultimate.org\/index.php\/wp-json\/wp\/v2\/users\/1"}],"replies":[{"embeddable":true,"href":"http:\/\/www.toulouseultimate.org\/index.php\/wp-json\/wp\/v2\/comments?post=171"}],"version-history":[{"count":29,"href":"http:\/\/www.toulouseultimate.org\/index.php\/wp-json\/wp\/v2\/pages\/171\/revisions"}],"predecessor-version":[{"id":929,"href":"http:\/\/www.toulouseultimate.org\/index.php\/wp-json\/wp\/v2\/pages\/171\/revisions\/929"}],"up":[{"embeddable":true,"href":"http:\/\/www.toulouseultimate.org\/index.php\/wp-json\/wp\/v2\/pages\/30"}],"wp:attachment":[{"href":"http:\/\/www.toulouseultimate.org\/index.php\/wp-json\/wp\/v2\/media?parent=171"}],"curies":[{"name":"wp","href":"https:\/\/api.w.org\/{rel}","templated":true}]}}